{"id":4231,"date":"2025-01-24T14:08:28","date_gmt":"2025-01-24T17:08:28","guid":{"rendered":"https:\/\/diarium.studio-one.art.br\/blog\/?page_id=4231"},"modified":"2025-09-08T01:43:22","modified_gmt":"2025-09-08T04:43:22","slug":"as-galerias","status":"publish","type":"page","link":"https:\/\/diarium.studio-one.art.br\/blog\/as-galerias\/","title":{"rendered":"As Galerias Tem\u00e1ticas"},"content":{"rendered":"\n<div class=\"wp-block-group has-background has-global-padding is-content-justification-left is-layout-constrained wp-container-core-group-is-layout-12dd3699 wp-block-group-is-layout-constrained\" style=\"background-color:#00000085\">\n<p class=\"has-system-serif-font-family has-extra-large-font-size\" style=\"padding-top:var(--wp--preset--spacing--20);padding-right:var(--wp--preset--spacing--30);padding-bottom:var(--wp--preset--spacing--30);padding-left:var(--wp--preset--spacing--30)\">segue a lista dos \u00e1lbuns e galerias atualmente dispon\u00edveis, volte sempre para conferir adi\u00e7\u00f5es e deixe seu coment\u00e1rio quando gostou de uma ou se gostaria fazer alguma sugest\u00e3o, tenha certeza que seja lido cada contribui\u00e7\u00e3o e respondida se necess\u00e1rio<\/p>\n\n\n\n<ul style=\"padding-top:var(--wp--preset--spacing--20);padding-bottom:var(--wp--preset--spacing--20);padding-left:var(--wp--preset--spacing--80)\" class=\"wp-block-list\">\n<li><a href=\"https:\/\/photo.studio-one.art.br\">Fotografia Art\u00edstica, Modelos, Boudoir<\/a><\/li>\n\n\n\n<li><a href=\"https:\/\/diarium.studio-one.art.br\/blog\/so-fotos\/\" data-type=\"link\" data-id=\"https:\/\/diarium.studio-one.art.br\/blog\/so-fotos\/\">Galeria de todas as fotos das Click Stories<\/a><\/li>\n\n\n\n<li><a href=\"https:\/\/diarium.studio-one.art.br\/blog\/carnavais-do-passado\/\">Galeria Carnavais do Passado<\/a> <\/li>\n\n\n\n<li><a href=\"https:\/\/diarium.studio-one.art.br\/blog\/aves-e-passaros-na-natureza\/\" title=\"\">Galeria Aves e P\u00e1ssaros na Natureza<\/a> <\/li>\n\n\n\n<li><a href=\"https:\/\/diarium.studio-one.art.br\/blog\/avioes-de-todos-os-tipos\/\" title=\"Avi\u00f5es de todos os tipos\">Galeria Avi\u00f5es de todos os tipos<\/a><\/li>\n\n\n\n<li><a title=\"Meus Gatinhos em 2023\" href=\"https:\/\/diarium.studio-one.art.br\/blog\/meus-gatinhos-em-2023\/\">Galeria Meus Gatos em 2024<\/a><\/li>\n\n\n\n<li><a href=\"https:\/\/diarium.studio-one.art.br\/blog\/meus-gatinhos-ainda-bebes\/\" title=\"Meus Gatinhos ainda Beb\u00eas\">Galeria dos meus Gatinhos ainda Beb\u00eas<\/a><\/li>\n\n\n\n<li><a href=\"https:\/\/diarium.studio-one.art.br\/blog\/star-gazing-a-observacao-e-fotografia-astro\/\">Galeria Star Gazing, Fotografia Astro<\/a><\/li>\n\n\n\n<li><a href=\"https:\/\/diarium.studio-one.art.br\/blog\/nuvens-o-grande-fenomeno-do-nosso-planeta\/\" title=\"Nuvens, o grande fen\u00f4meno do nosso planeta\">Galeria Nuvens e Fen\u00f4menos na Atmosfera<\/a> <\/li>\n\n\n\n<li><a href=\"https:\/\/diarium.studio-one.art.br\/blog\/paisagens-de-todos-os-tipos\/\" title=\"Paisagens de todos os tipos\">Galeria Paisagens de todas as Formas<\/a><\/li>\n\n\n\n<li><a href=\"https:\/\/diarium.studio-one.art.br\/blog\/a-natureza-e-tudo\/\" title=\"A Natureza \u00e9 tudo \u2026\">Galeria Natureza, a nossa flora <\/a><\/li>\n\n\n\n<li><a href=\"https:\/\/diarium.studio-one.art.br\/blog\/o-mundo-pequeno-dos-insetos\/\" title=\"o mundo pequeno dos insetos\">Galeria O mundo dos Insetos, Fotografia Macro<\/a><\/li>\n\n\n\n<li><a href=\"https:\/\/diarium.studio-one.art.br\/blog\/pequenas-coisas\/\" title=\"\">Galeria Pequenas Coisas e Macros<\/a><\/li>\n\n\n\n<li><a href=\"https:\/\/diarium.studio-one.art.br\/blog\/a-nossa-lua-durante-o-dia-e-a-noite\/\">Galeria A Lua n\u00e3o s\u00f3 a Noite <\/a><\/li>\n\n\n\n<li><a href=\"https:\/\/diarium.studio-one.art.br\/blog\/o-sol-ao-amanhecer-e-anoitecer\/\" title=\"O Sol \u00e3o amanhecer e anoitecer\">Galeria O Sol, Anoitecer e Amanhecer<\/a><\/li>\n\n\n\n<li><a href=\"https:\/\/diarium.studio-one.art.br\/blog\/fotografia-de-rua-com-celular\/\" title=\"\">Galeria Fotografia de Rua com Celular<\/a><\/li>\n\n\n\n<li><a title=\"Vida Urbana como realmente \u00e9\" href=\"https:\/\/diarium.studio-one.art.br\/blog\/vida-urbana-como-realmente-e\/\">Galeria Vida Urbana, Fotografia de Rua<\/a><\/li>\n<\/ul>\n\n\n\n<div class=\"wp-block-group has-global-padding is-layout-constrained wp-block-group-is-layout-constrained\"><style> @keyframes fadeIn { from {opacity:0; transform:translateX(-300px);} to {opacity:1; translateX(0);} } <\/style> <style id=\"hakka-quote\">.hq-box {  max-width: 100%; margin: 10px 0 10px 0; padding: 0 20px 0 0; background: linear-gradient(115deg, #00000000 40%, #FFFFFF60 ); align-self: right; text-align: right; } .hq-span { margin: 0; padding: 0; font-size: 14px; animation:fadeIn 2.5s linear forwards; line-height: 1; letter-spacing: 2px; font-weight: 500; color: #B3FF00; font-family: Open Sauce Two; } <\/style><div class=\"hq-container\" style=\"padding:5px;\"> <div class=\"hq-box\"><span class=\"hq-span\">lembrando ...  fotografia tem pouco a ver com a c\u00e2mera, se sua lente n\u00e3o presta, sua foto tamb\u00e9m n\u00e3o <\/span><\/div><\/div>\n\n\n\n\t<div style=\"pointer-events: none;\" class=\"hg-image wp-block-image fadeup-anime\">\n\t<img \n\t\tsrc=\"https:\/\/diarium.studio-one.art.br\/blog\/wp-content\/uploads\/projects\/astrofotografia\/FB-Cover-20220108-2330-1577.jpg\" \n\t\talt=\"Photo Studio-One Top Model \u00a9h.Mich@outlook.com\" \n\t\tstyle=\"display: block; max-width: 100%; height: auto; margin: 0 auto; text-align: center;width: 850px; height: auto;; pointer-events: auto; user-select: none; opacity: 0.85;\" \n\t\tdraggable=\"false\" \n\t\toncontextmenu=\"return false;\"\n\t>\n\t<\/div>\n\n\n\n<div class=\"wp-block-comments\" style=\"margin-top:0;margin-bottom:0;padding-top:var(--wp--preset--spacing--20);padding-right:var(--wp--preset--spacing--20);padding-bottom:var(--wp--preset--spacing--20);padding-left:var(--wp--preset--spacing--60)\"><h2 id=\"comments\" style=\"padding-top:var(--wp--preset--spacing--30);padding-bottom:0;margin-top:0;margin-bottom:0;\" class=\"wp-block-comments-title has-extra-large-font-size\">Resposta a &#8220;As Galerias Tem\u00e1ticas&#8221;<\/h2>\n\n<ol style=\"padding-top:0;padding-bottom:0;margin-top:0;margin-bottom:0;\" class=\"wp-block-comment-template\"><li id=\"comment-3\" class=\"comment byuser comment-author-erica even thread-even depth-1\">\n\n<div class=\"wp-block-columns is-layout-flex wp-container-core-columns-is-layout-28f84493 wp-block-columns-is-layout-flex\">\n<div class=\"wp-block-column is-layout-flow wp-block-column-is-layout-flow\" style=\"flex-basis:40px\"><div class=\"wp-block-avatar\"><img loading=\"lazy\" decoding=\"async\" src=\"https:\/\/diarium.studio-one.art.br\/blog\/wp-content\/plugins\/one-user-avatar\/assets\/images\/wpua-64x64.png\" srcset=\"https:\/\/diarium.studio-one.art.br\/blog\/wp-content\/plugins\/one-user-avatar\/assets\/images\/wpua-96x96.png 2x\" width=\"40\" height=\"40\" alt=\"Avatar\" class=\"avatar avatar-40 wp-user-avatar wp-user-avatar-40 alignnone photo wp-block-avatar__image avatar-default\" \/><\/div><\/div>\n\n\n\n<div class=\"wp-block-column is-layout-flow wp-block-column-is-layout-flow\"><div style=\"padding-top:0;\" class=\"wp-block-comment-author-name has-small-font-size\">erica<\/div>\n\n\n<div class=\"wp-block-group is-layout-flex wp-block-group-is-layout-flex\" style=\"margin-top:0px;margin-bottom:0px\"><div class=\"wp-block-comment-date has-small-font-size\"><time datetime=\"2025-01-24T14:48:47-03:00\"><a href=\"https:\/\/diarium.studio-one.art.br\/blog\/as-galerias\/#comment-3\">24\/01\/2025<\/a><\/time><\/div>\n\n<\/div>\n\n\n<div class=\"wp-block-comment-content\"><p>lindas<\/p>\n<\/div>\n\n<div class=\"wp-block-comment-reply-link has-small-font-size\"><a rel=\"nofollow\" class=\"comment-reply-link\" href=\"https:\/\/diarium.studio-one.art.br\/blog\/as-galerias\/?replytocom=3#respond\" data-commentid=\"3\" data-postid=\"4231\" data-belowelement=\"comment-3\" data-respondelement=\"respond\" data-replyto=\"Responder para erica\" aria-label=\"Responder para erica\">Responder<\/a><\/div><\/div>\n<\/div>\n\n<\/li><\/ol>\n\n<\/div>\n<\/div>\n\n\n\n<div class=\"wp-block-group has-global-padding is-layout-constrained wp-container-core-group-is-layout-982e021b wp-block-group-is-layout-constrained\" style=\"margin-top:0;margin-bottom:0;padding-top:var(--wp--preset--spacing--20);padding-right:var(--wp--preset--spacing--80);padding-bottom:var(--wp--preset--spacing--20);padding-left:var(--wp--preset--spacing--80)\">\t<div id=\"respond\" style=\"padding-right:var(--wp--preset--spacing--40);padding-left:var(--wp--preset--spacing--40);margin-top:0;margin-bottom:0;\" class=\"comment-respond wp-block-post-comments-form has-extra-large-font-size\">\n\t\t<h3 id=\"reply-title\" class=\"comment-reply-title\">Deixe um coment\u00e1rio <small><a rel=\"nofollow\" id=\"cancel-comment-reply-link\" href=\"\/blog\/wp-json\/wp\/v2\/pages\/4231#respond\" style=\"display:none;\">Cancelar resposta<\/a><\/small><\/h3><form action=\"https:\/\/diarium.studio-one.art.br\/blog\/wp-comments-post.php\" method=\"post\" id=\"commentform\" class=\"comment-form\"><p class=\"comment-notes\"><span id=\"email-notes\">O seu endere\u00e7o de e-mail n\u00e3o ser\u00e1 publicado.<\/span> <span class=\"required-field-message\">Campos obrigat\u00f3rios s\u00e3o marcados com <span class=\"required\">*<\/span><\/span><\/p><p class=\"comment-form-comment\"><label for=\"comment\">Coment\u00e1rio <span class=\"required\">*<\/span><\/label> <textarea id=\"comment\" name=\"comment\" cols=\"45\" rows=\"8\" maxlength=\"65525\" required><\/textarea><\/p><p class=\"comment-form-author\"><label for=\"author\">Nome <span class=\"required\">*<\/span><\/label> <input id=\"author\" name=\"author\" type=\"text\" value=\"\" size=\"30\" maxlength=\"245\" autocomplete=\"name\" required \/><\/p>\n<p class=\"comment-form-email\"><label for=\"email\">E-mail <span class=\"required\">*<\/span><\/label> <input id=\"email\" name=\"email\" type=\"email\" value=\"\" size=\"30\" maxlength=\"100\" aria-describedby=\"email-notes\" autocomplete=\"email\" required \/><\/p>\n<p class=\"comment-form-cookies-consent\"><input id=\"wp-comment-cookies-consent\" name=\"wp-comment-cookies-consent\" type=\"checkbox\" value=\"yes\" \/> <label for=\"wp-comment-cookies-consent\">Salvar meus dados neste navegador para a pr\u00f3xima vez que eu comentar.<\/label><\/p>\n<p class=\"form-submit wp-block-button\"><input name=\"submit\" type=\"submit\" id=\"submit\" class=\"wp-block-button__link wp-element-button\" value=\"Publicar coment\u00e1rio\" \/> <input type='hidden' name='comment_post_ID' value='4231' id='comment_post_ID' \/>\n<input type='hidden' name='comment_parent' id='comment_parent' value='0' \/>\n<\/p><\/form>\t<\/div><!-- #respond -->\n\t<\/div>\n<\/div>\n","protected":false},"excerpt":{"rendered":"<p>segue a lista dos \u00e1lbuns e galerias atualmente dispon\u00edveis, volte sempre para conferir adi\u00e7\u00f5es e deixe seu coment\u00e1rio quando gostou de uma ou se gostaria fazer alguma sugest\u00e3o, tenha certeza que seja lido cada contribui\u00e7\u00e3o e respondida se necess\u00e1rio<\/p>\n","protected":false},"author":1,"featured_media":150,"parent":0,"menu_order":0,"comment_status":"open","ping_status":"closed","template":"","meta":{"pgc_sgb_lightbox_settings":"","footnotes":""},"class_list":["post-4231","page","type-page","status-publish","has-post-thumbnail","hentry"],"_links":{"self":[{"href":"https:\/\/diarium.studio-one.art.br\/blog\/wp-json\/wp\/v2\/pages\/4231","targetHints":{"allow":["GET"]}}],"collection":[{"href":"https:\/\/diarium.studio-one.art.br\/blog\/wp-json\/wp\/v2\/pages"}],"about":[{"href":"https:\/\/diarium.studio-one.art.br\/blog\/wp-json\/wp\/v2\/types\/page"}],"author":[{"embeddable":true,"href":"https:\/\/diarium.studio-one.art.br\/blog\/wp-json\/wp\/v2\/users\/1"}],"replies":[{"embeddable":true,"href":"https:\/\/diarium.studio-one.art.br\/blog\/wp-json\/wp\/v2\/comments?post=4231"}],"version-history":[{"count":0,"href":"https:\/\/diarium.studio-one.art.br\/blog\/wp-json\/wp\/v2\/pages\/4231\/revisions"}],"wp:featuredmedia":[{"embeddable":true,"href":"https:\/\/diarium.studio-one.art.br\/blog\/wp-json\/wp\/v2\/media\/150"}],"wp:attachment":[{"href":"https:\/\/diarium.studio-one.art.br\/blog\/wp-json\/wp\/v2\/media?parent=4231"}],"curies":[{"name":"wp","href":"https:\/\/api.w.org\/{rel}","templated":true}]}}